{"id":2,"date":"2011-09-10T00:08:33","date_gmt":"2011-09-10T00:08:33","guid":{"rendered":"http:\/\/crost.fr\/blog\/\/?page_id=2"},"modified":"2011-10-02T22:18:39","modified_gmt":"2011-10-02T20:18:39","slug":"about","status":"publish","type":"page","link":"http:\/\/www.crost.fr\/blog\/?page_id=2","title":{"rendered":"A propos"},"content":{"rendered":"<p>A propos&#8230; Quelle question!<\/p>\n<p>Ce blog c&rsquo;est juste pour vous faire partager plein de choses qui m&rsquo;int\u00e9ressent: De l&rsquo;informatique, des photos et peut \u00eatre d&rsquo;autres choses auxquelles je n&rsquo;ai pas encore pens\u00e9&#8230;<\/p>\n<p>Bonne lecture&#8230; C&rsquo;est Juste chez Moi!<\/p>\n","protected":false},"excerpt":{"rendered":"<p>A propos&#8230; Quelle question! Ce blog c&rsquo;est juste pour vous faire partager plein de choses qui m&rsquo;int\u00e9ressent: De l&rsquo;informatique, des photos et peut \u00eatre d&rsquo;autres choses auxquelles je n&rsquo;ai pas encore pens\u00e9&#8230; Bonne lecture&#8230; C&rsquo;est Juste chez Moi!<\/p>\n","protected":false},"author":1,"featured_media":0,"parent":0,"menu_order":0,"comment_status":"open","ping_status":"open","template":"","meta":{"footnotes":""},"class_list":["post-2","page","type-page","status-publish","hentry"],"_links":{"self":[{"href":"http:\/\/www.crost.fr\/blog\/index.php?rest_route=\/wp\/v2\/pages\/2","targetHints":{"allow":["GET"]}}],"collection":[{"href":"http:\/\/www.crost.fr\/blog\/index.php?rest_route=\/wp\/v2\/pages"}],"about":[{"href":"http:\/\/www.crost.fr\/blog\/index.php?rest_route=\/wp\/v2\/types\/page"}],"author":[{"embeddable":true,"href":"http:\/\/www.crost.fr\/blog\/index.php?rest_route=\/wp\/v2\/users\/1"}],"replies":[{"embeddable":true,"href":"http:\/\/www.crost.fr\/blog\/index.php?rest_route=%2Fwp%2Fv2%2Fcomments&post=2"}],"version-history":[{"count":2,"href":"http:\/\/www.crost.fr\/blog\/index.php?rest_route=\/wp\/v2\/pages\/2\/revisions"}],"predecessor-version":[{"id":18,"href":"http:\/\/www.crost.fr\/blog\/index.php?rest_route=\/wp\/v2\/pages\/2\/revisions\/18"}],"wp:attachment":[{"href":"http:\/\/www.crost.fr\/blog\/index.php?rest_route=%2Fwp%2Fv2%2Fmedia&parent=2"}],"curies":[{"name":"wp","href":"https:\/\/api.w.org\/{rel}","templated":true}]}}