{"id":150,"date":"2012-02-07T23:56:25","date_gmt":"2012-02-07T22:56:25","guid":{"rendered":"http:\/\/www.crost.fr\/blog\/?page_id=150"},"modified":"2025-08-17T10:09:21","modified_gmt":"2025-08-17T08:09:21","slug":"altima-vii","status":"publish","type":"page","link":"http:\/\/www.crost.fr\/blog\/?page_id=150","title":{"rendered":"Altima VII"},"content":{"rendered":"<table border=\"0\" width=\"100%\" cellspacing=\"10\">\n<tbody>\n<tr>\n<td colspan=\"2\" height=\"80\">\n<p align=\"center\"><span style=\"font-size: x-large;\"><strong><span style=\"text-decoration: underline;\">Altima VII<\/span><\/strong><\/span><\/p>\n<\/td>\n<\/tr>\n<tr>\n<td align=\"right\" valign=\"top\" width=\"160\"><span style=\"text-decoration: underline;\"><strong>Synopsis:<\/strong><\/span><br \/>\n<img decoding=\"async\" src=\"http:\/\/crost.fr\/film\/tournage.gif\" alt=\"Synopsis\" align=\"left\" border=\"0\" \/><\/td>\n<td valign=\"top\"><span style=\"font-size: x-small;\">Une exp\u00e9rience de laboratoire tourne mal, et le cours du temps en est affect\u00e9.<br \/>\nComment faire revenir le temps \u00e0 la normale?<\/span><\/td>\n<\/tr>\n<tr>\n<td align=\"right\" valign=\"top\" width=\"160\"><span style=\"text-decoration: underline;\"><strong>L&rsquo;affiche:<\/strong><\/span><\/td>\n<td><a href=\"http:\/\/crost.fr\/film\/affiche_HQ.png\"><img decoding=\"async\" src=\"http:\/\/crost.fr\/film\/affiche.jpg\" alt=\"Affiche du film Altima VII\" border=\"0\" \/><\/a><\/td>\n<\/tr>\n<tr>\n<td align=\"right\" width=\"160\"><span style=\"text-decoration: underline;\"><strong>T\u00e9l\u00e9chargement:<\/strong><\/span><\/td>\n<td><\/td>\n<\/tr>\n<tr>\n<td align=\"right\" width=\"160\"><a href=\"http:\/\/crost.fr\/film\/ALTIMA_VII.avi\"><img decoding=\"async\" src=\"http:\/\/crost.fr\/film\/film.gif\" alt=\"Image d'une bobine de film\" width=\"75%\" height=\"75%\" border=\"0\" \/><\/a><\/td>\n<td><a href=\"https:\/\/crost.fr\/film\/ALTIMA_VII.avi\">Le film Altima VII (687Mo)<\/a>\u00a0clic droit puis enregistrer la cible sous<\/td>\n<\/tr>\n<tr>\n<td align=\"right\" width=\"160\"><a href=\"http:\/\/crost.fr\/film\/ALTIMA_VII_MO.avi\"><img decoding=\"async\" src=\"http:\/\/crost.fr\/film\/camera.gif\" alt=\"Image d'une cam\u00e9ra\" width=\"100%\" height=\"100%\" border=\"0\" \/><\/a><\/td>\n<td><a href=\"https:\/\/crost.fr\/film\/ALTIMA_VII_MO.avi\">Le making Of de Altima VII (488Mo)<\/a>\u00a0clic droit puis enregistrer la cible sous<\/td>\n<\/tr>\n<tr>\n<td align=\"right\" width=\"160\"><a href=\"http:\/\/dl.free.fr\/bYLb9kylb\/Altima_fin_modif_sans-divx.iso\"><img decoding=\"async\" src=\"http:\/\/crost.fr\/film\/dvd.gif\" alt=\"T\u00e9l\u00e9charger le DVD\" border=\"0\" \/><\/a><\/td>\n<td><a href=\"https:\/\/www.neufgiga.com\/n\/50-17\/share\/LNK9508488e0cb155044\/\">T\u00e9l\u00e9chargement de l&rsquo;ISO du DVD (2.85Go)<\/a><\/td>\n<\/tr>\n<tr>\n<td align=\"right\" width=\"160\"><a href=\"http:\/\/crost.fr\/film\/jaquette1.pdf\"><img decoding=\"async\" src=\"http:\/\/crost.fr\/film\/jaquette.gif\" alt=\"Image de boitier DVD\" width=\"100%\" height=\"100%\" border=\"0\" \/><\/a><\/td>\n<td><a href=\"https:\/\/crost.fr\/film\/jaquette1.pdf\">Jaquette du DVD en haute definition PDF (Attention : 20Mo)<\/a>clic droit puis enregistrer la cible sous<\/td>\n<\/tr>\n<tr>\n<td align=\"right\" width=\"160\"><a href=\"http:\/\/crost.fr\/film\/affiche_HQ.png\"><img decoding=\"async\" src=\"http:\/\/crost.fr\/film\/affiche_mini.jpg\" alt=\"Affiche miniature du film Altima VII\" width=\"15%\" height=\"15%\" border=\"0\" \/><\/a><\/td>\n<td><a href=\"https:\/\/crost.fr\/film\/affiche_HQ.png\">L&rsquo;affiche du film en haute definition PNG (5Mo)<\/a><\/td>\n<\/tr>\n<tr>\n<td align=\"right\" width=\"160\"><a href=\"mailto:film@crost.fr\"><img decoding=\"async\" src=\"http:\/\/crost.fr\/film\/contact.gif\" alt=\"contactez nous\" border=\"0\" \/><\/a><\/td>\n<td><a href=\"mailto:film@crost.fr\">Contactez nous<\/a><\/td>\n<\/tr>\n<\/tbody>\n<\/table>\n<p>&nbsp;<\/p>\n<p>&nbsp;<\/p>\n","protected":false},"excerpt":{"rendered":"<p>Altima VII Synopsis: Une exp\u00e9rience de laboratoire tourne mal, et le cours du temps en est affect\u00e9. Comment faire revenir le temps \u00e0 la normale? L&rsquo;affiche: T\u00e9l\u00e9chargement: Le film Altima VII (687Mo)\u00a0clic droit puis enregistrer la cible sous Le making &hellip; <a href=\"http:\/\/www.crost.fr\/blog\/?page_id=150\">Continuer la lecture <span class=\"meta-nav\">&rarr;<\/span><\/a><\/p>\n","protected":false},"author":2,"featured_media":0,"parent":0,"menu_order":0,"comment_status":"open","ping_status":"open","template":"","meta":{"footnotes":""},"class_list":["post-150","page","type-page","status-publish","hentry"],"_links":{"self":[{"href":"http:\/\/www.crost.fr\/blog\/index.php?rest_route=\/wp\/v2\/pages\/150","targetHints":{"allow":["GET"]}}],"collection":[{"href":"http:\/\/www.crost.fr\/blog\/index.php?rest_route=\/wp\/v2\/pages"}],"about":[{"href":"http:\/\/www.crost.fr\/blog\/index.php?rest_route=\/wp\/v2\/types\/page"}],"author":[{"embeddable":true,"href":"http:\/\/www.crost.fr\/blog\/index.php?rest_route=\/wp\/v2\/users\/2"}],"replies":[{"embeddable":true,"href":"http:\/\/www.crost.fr\/blog\/index.php?rest_route=%2Fwp%2Fv2%2Fcomments&post=150"}],"version-history":[{"count":6,"href":"http:\/\/www.crost.fr\/blog\/index.php?rest_route=\/wp\/v2\/pages\/150\/revisions"}],"predecessor-version":[{"id":255,"href":"http:\/\/www.crost.fr\/blog\/index.php?rest_route=\/wp\/v2\/pages\/150\/revisions\/255"}],"wp:attachment":[{"href":"http:\/\/www.crost.fr\/blog\/index.php?rest_route=%2Fwp%2Fv2%2Fmedia&parent=150"}],"curies":[{"name":"wp","href":"https:\/\/api.w.org\/{rel}","templated":true}]}}